{"id":8,"date":"2020-06-13T16:02:32","date_gmt":"2020-06-13T16:02:32","guid":{"rendered":"http:\/\/higherloveyoga.de\/?page_id=8"},"modified":"2025-08-25T15:14:11","modified_gmt":"2025-08-25T15:14:11","slug":"herzlich-willkommen","status":"publish","type":"page","link":"https:\/\/higherloveyoga.de\/","title":{"rendered":"Herzlich Willkommen"},"content":{"rendered":"\n<p>&#8230; bei Higher Love Yoga &amp; Coaching. Dieser &#8222;Raum&#8220; ist f\u00fcr DICH<\/p>\n\n\n\n<figure class=\"wp-block-image size-large is-resized\"><img loading=\"lazy\" decoding=\"async\" width=\"1024\" height=\"682\" src=\"https:\/\/higherloveyoga.de\/wp-content\/uploads\/2020\/06\/Vor-Weinbergst\u00fcr-1024x682.jpg\" alt=\"\" class=\"wp-image-151\" style=\"width:808px;height:538px\" srcset=\"https:\/\/higherloveyoga.de\/wp-content\/uploads\/2020\/06\/Vor-Weinbergst\u00fcr-1024x682.jpg 1024w, https:\/\/higherloveyoga.de\/wp-content\/uploads\/2020\/06\/Vor-Weinbergst\u00fcr-300x200.jpg 300w, https:\/\/higherloveyoga.de\/wp-content\/uploads\/2020\/06\/Vor-Weinbergst\u00fcr-768x511.jpg 768w, https:\/\/higherloveyoga.de\/wp-content\/uploads\/2020\/06\/Vor-Weinbergst\u00fcr.jpg 1134w\" sizes=\"auto, (max-width: 709px) 85vw, (max-width: 909px) 67vw, (max-width: 1362px) 62vw, 840px\" \/><\/figure>\n\n\n\n<p>In einer immer schnelllebigeren, stressigeren Zeit, in einer Zeit, in der du allen und jedem gerecht werden sollst und dich selbst dabei vergisst, in einer Zeit, in der viele Strukturen und Systeme im Au\u00dfen zusammenbrechen, die Welt von einer &#8222;Katastrophe&#8220; in die N\u00e4chste schlittert, m\u00f6chte ich dir hier den &#8222;Raum&#8220; bieten zur Ruhe zu kommen, Schutz zu finden, bei dir selbst anzukommen, dein Inneres zu st\u00e4rken und in Verbindung mit der <strong>H\u00f6heren Liebe\u00a0<\/strong>in dir zu kommen.<\/p>\n\n\n\n<p>Ein &#8222;Raum&#8220;, in dem du dich selbst verwirklichen kannst, in deinen Schw\u00e4chen die St\u00e4rken erkennst und immer mehr zu deinem einzigartigen wahren Selbst findest, um die Anforderungen des Lebens mit mehr Leichtigkeit und Verbundenheit zu meistern. Komm an IN dir. <\/p>\n\n\n\n<p>LOVE &amp; PEACE<\/p>\n\n\n\n<p>Namast\u00e9<\/p>\n\n\n\n<p>Deine Heike<\/p>\n\n\n\n<figure class=\"wp-block-image size-large\"><img loading=\"lazy\" decoding=\"async\" width=\"785\" height=\"1024\" src=\"https:\/\/higherloveyoga.de\/wp-content\/uploads\/2025\/08\/IMG_4825-785x1024.jpeg\" alt=\"\" class=\"wp-image-916\" srcset=\"https:\/\/higherloveyoga.de\/wp-content\/uploads\/2025\/08\/IMG_4825-785x1024.jpeg 785w, https:\/\/higherloveyoga.de\/wp-content\/uploads\/2025\/08\/IMG_4825-230x300.jpeg 230w, https:\/\/higherloveyoga.de\/wp-content\/uploads\/2025\/08\/IMG_4825-768x1002.jpeg 768w, https:\/\/higherloveyoga.de\/wp-content\/uploads\/2025\/08\/IMG_4825.jpeg 828w\" sizes=\"auto, (max-width: 785px) 85vw, 785px\" \/><\/figure>\n","protected":false},"excerpt":{"rendered":"<p>&#8230; bei Higher Love Yoga &amp; Coaching. Dieser &#8222;Raum&#8220; ist f\u00fcr DICH In einer immer schnelllebigeren, stressigeren Zeit, in einer Zeit, in der du allen und jedem gerecht werden sollst und dich selbst dabei vergisst, in einer Zeit, in der viele Strukturen und Systeme im Au\u00dfen zusammenbrechen, die Welt von einer &#8222;Katastrophe&#8220; in die N\u00e4chste &hellip; <a href=\"https:\/\/higherloveyoga.de\/\" class=\"more-link\"><span class=\"screen-reader-text\">\u201eHerzlich Willkommen\u201c <\/span>weiterlesen<\/a><\/p>\n","protected":false},"author":1,"featured_media":0,"parent":0,"menu_order":0,"comment_status":"closed","ping_status":"closed","template":"","meta":{"footnotes":""},"class_list":["post-8","page","type-page","status-publish","hentry"],"_links":{"self":[{"href":"https:\/\/higherloveyoga.de\/index.php?rest_route=\/wp\/v2\/pages\/8","targetHints":{"allow":["GET"]}}],"collection":[{"href":"https:\/\/higherloveyoga.de\/index.php?rest_route=\/wp\/v2\/pages"}],"about":[{"href":"https:\/\/higherloveyoga.de\/index.php?rest_route=\/wp\/v2\/types\/page"}],"author":[{"embeddable":true,"href":"https:\/\/higherloveyoga.de\/index.php?rest_route=\/wp\/v2\/users\/1"}],"replies":[{"embeddable":true,"href":"https:\/\/higherloveyoga.de\/index.php?rest_route=%2Fwp%2Fv2%2Fcomments&post=8"}],"version-history":[{"count":14,"href":"https:\/\/higherloveyoga.de\/index.php?rest_route=\/wp\/v2\/pages\/8\/revisions"}],"predecessor-version":[{"id":917,"href":"https:\/\/higherloveyoga.de\/index.php?rest_route=\/wp\/v2\/pages\/8\/revisions\/917"}],"wp:attachment":[{"href":"https:\/\/higherloveyoga.de\/index.php?rest_route=%2Fwp%2Fv2%2Fmedia&parent=8"}],"curies":[{"name":"wp","href":"https:\/\/api.w.org\/{rel}","templated":true}]}}