{"id":732,"date":"2023-03-06T14:38:55","date_gmt":"2023-03-06T14:38:55","guid":{"rendered":"https:\/\/higherloveyoga.de\/?page_id=732"},"modified":"2025-09-25T16:18:46","modified_gmt":"2025-09-25T16:18:46","slug":"raindrop-technique-massage%e2%93%a1","status":"publish","type":"page","link":"https:\/\/higherloveyoga.de\/?page_id=732","title":{"rendered":"Raindrop Technique Massage\u24c7"},"content":{"rendered":"\n<p>K\u00d6RPERLICHE WOHLTAT UND EMOTIONALE BEFREIUNG<\/p>\n\n\n\n<p>\u00dcber die Entstehung dieser au\u00dfergew\u00f6hnlichen Massagetechnik, die von D. Gary Young entwickelt wurde:<\/p>\n\n\n\n<p>Er bediente sich hierbei einer Studie \u00fcber \u00e4therische \u00d6le, der Vita Flex (Vitalit\u00e4t durch Reflexe) an den F\u00fc\u00dfen, sowie wunderbaren Erkenntnissen \u00fcber die Streichbewegung der Lakota Indianer.&nbsp;<\/p>\n\n\n\n<p>W\u00e4hrend eines Aufenthalts bei dem Stamm der Lakota Indianer in Kanada, erfuhr er, wieso die Art des Federstreichens so magisch ist.&nbsp;<\/p>\n\n\n\n<p>Die Lakotas hielten sich oft an den dort bestehenden Nordlichtern auf, um diese regelrecht in ihr System einzuatmen und ihre Energie an kranke Stammesmitglieder weiter zu geben.<\/p>\n\n\n\n<p>Die Lakota glaubten, wenn man das Polarlicht sehen konnte, die Luft mit heilender Energie gef\u00fcllt war. W\u00fcrden sie diese Energie inhalieren, gelange diese \u00fcber die Wirbels\u00e4ule in alle neurologischen Leiterbahnen hin zu allen betroffenen K\u00f6rperbereichen.&nbsp;<\/p>\n\n\n\n<p>Nachdem die Grenze zwischen USA und Kanada die Wanderung unm\u00f6glich machte, begannen die Indianer die Energie mental zu praktizieren, in Verbindung mit leichten Streichbewegungen zur Beschleunigung und Ausbreitung der Energie im K\u00f6rper.&nbsp;<\/p>\n\n\n\n<p>Durch die zus\u00e4tzliche Vita Flex und das Einarbeiten der 9 Essenzen, unterst\u00fctzt man den K\u00f6rper dabei, Schmerzen und Beschwerden schnell zu lindern und das physische als auch psychische Wohlbefinden zu verbessern.<\/p>\n\n\n\n<p>Vita Flex ist eine spezielle Form der Hand- und Fu\u00dfmassage, die die Heilkraft \u00e4therischer \u00d6le sehr wirkungsvoll durch den ganzen K\u00f6rper str\u00f6men l\u00e4sst.&nbsp;<\/p>\n\n\n\n<p>Die Raindrop Technique ist sehr wohltuend, entspannend und wirkt sehr tief.&nbsp;<\/p>\n\n\n\n<p>Sie hilft dem Gewebe um die Wirbels\u00e4ule herum, sich zu regenerieren um somit in seine Ursprungsform zur\u00fcck zu kehren.&nbsp;<\/p>\n\n\n\n<p>1989 entdeckten Forscher den unglaublichen Effekt, den Duftstoffe auf den Mandelkern, jenem Teil unseres Gehirns haben, der f\u00fcr die Speicherung und das Loslassen emotionaler Traumen zust\u00e4ndig ist. Das Inhalieren \u00e4therischer \u00d6le wirkt nicht nur gegen Stress, sondern es geht weit dar\u00fcber hinaus.&nbsp;<\/p>\n\n\n\n<p>Die 9 hochwirksamen \u00e4therischen \u00d6le, therapeutischen Grades, die Gary D. Young f\u00fcr die Raindrop-Technique ausw\u00e4hlte, tragen dazu bei das Immunsystem, die Atemwege, die Muskulatur, Gelenke und Knochen, sowie die Verdauung zu unterst\u00fctzen, die K\u00f6rperenergie in Balance zu bringen, unsere Stimmung zu heben, einen k\u00fchlen Kopf zu bewahren und die Konzentrationsf\u00e4higkeit zu erh\u00f6hen.&nbsp;<\/p>\n\n\n\n<p>Dank der entschlackenden, reinigenden Wirkung dieser Schl\u00fcssel\u00f6le ist die Raindrop Technique eine wirkungsvolle, nicht-invasive Methode, um K\u00f6rper und Geist in ihren nat\u00fcrlichen Heilungsprozessen zu unterst\u00fctzen.&nbsp;<\/p>\n\n\n\n<p><strong>60 Minuten Massage <\/strong><\/p>\n\n\n\n<p><strong>Vor- und Nachgespr\u00e4ch bei einem Tee in wohliger, entspannter Atmosph\u00e4re\u00a0(Gesamtzeit ca.80-90 Minuten) <\/strong><\/p>\n\n\n\n<p><strong>\u20ac 88,-&nbsp;                                                 <\/strong><\/p>\n\n\n\n<p><strong>In diesem Preis sind &#8222;Materialkosten&#8220; der hochwertigen Young Living \u00d6le enthalten.&nbsp;<\/strong><\/p>\n\n\n\n<p>Diese kannst du auch \u00fcber mich beziehen. Sprich mich einfach darauf an.&nbsp;<\/p>\n\n\n\n<p><\/p>\n\n\n\n<p>Terminvereinbarung unter 0151 55544530 oder <a href=\"mailto:heike.lederle@icloud.com\">heike.lederle@icloud.com<\/a><\/p>\n","protected":false},"excerpt":{"rendered":"<p>K\u00d6RPERLICHE WOHLTAT UND EMOTIONALE BEFREIUNG \u00dcber die Entstehung dieser au\u00dfergew\u00f6hnlichen Massagetechnik, die von D. Gary Young entwickelt wurde: Er bediente sich hierbei einer Studie \u00fcber \u00e4therische \u00d6le, der Vita Flex (Vitalit\u00e4t durch Reflexe) an den F\u00fc\u00dfen, sowie wunderbaren Erkenntnissen \u00fcber die Streichbewegung der Lakota Indianer.&nbsp; W\u00e4hrend eines Aufenthalts bei dem Stamm der Lakota Indianer in &hellip; <a href=\"https:\/\/higherloveyoga.de\/?page_id=732\" class=\"more-link\"><span class=\"screen-reader-text\">\u201eRaindrop Technique Massage\u24c7\u201c <\/span>weiterlesen<\/a><\/p>\n","protected":false},"author":1,"featured_media":0,"parent":0,"menu_order":0,"comment_status":"closed","ping_status":"closed","template":"","meta":{"footnotes":""},"class_list":["post-732","page","type-page","status-publish","hentry"],"_links":{"self":[{"href":"https:\/\/higherloveyoga.de\/index.php?rest_route=\/wp\/v2\/pages\/732","targetHints":{"allow":["GET"]}}],"collection":[{"href":"https:\/\/higherloveyoga.de\/index.php?rest_route=\/wp\/v2\/pages"}],"about":[{"href":"https:\/\/higherloveyoga.de\/index.php?rest_route=\/wp\/v2\/types\/page"}],"author":[{"embeddable":true,"href":"https:\/\/higherloveyoga.de\/index.php?rest_route=\/wp\/v2\/users\/1"}],"replies":[{"embeddable":true,"href":"https:\/\/higherloveyoga.de\/index.php?rest_route=%2Fwp%2Fv2%2Fcomments&post=732"}],"version-history":[{"count":4,"href":"https:\/\/higherloveyoga.de\/index.php?rest_route=\/wp\/v2\/pages\/732\/revisions"}],"predecessor-version":[{"id":943,"href":"https:\/\/higherloveyoga.de\/index.php?rest_route=\/wp\/v2\/pages\/732\/revisions\/943"}],"wp:attachment":[{"href":"https:\/\/higherloveyoga.de\/index.php?rest_route=%2Fwp%2Fv2%2Fmedia&parent=732"}],"curies":[{"name":"wp","href":"https:\/\/api.w.org\/{rel}","templated":true}]}}