{"id":527,"date":"2021-10-31T17:22:06","date_gmt":"2021-10-31T17:22:06","guid":{"rendered":"https:\/\/higherloveyoga.de\/?page_id=527"},"modified":"2025-09-25T16:23:55","modified_gmt":"2025-09-25T16:23:55","slug":"energieausgleich-preise","status":"publish","type":"page","link":"https:\/\/higherloveyoga.de\/?page_id=527","title":{"rendered":"Energieausgleich \/ Preise"},"content":{"rendered":"\n<p><\/p>\n\n\n\n<h2 class=\"wp-block-heading\">systemische (Familien)Aufstellung im 1:1 Termin<\/h2>\n\n\n\n<p><strong>\u20ac 168,00<\/strong><sub> (ca. 90 Min.<\/sub>)***<\/p>\n\n\n\n<h5 class=\"wp-block-heading\"><\/h5>\n\n\n\n<h2 class=\"wp-block-heading\">Yoga<\/h2>\n\n\n\n<p>(<strong>Outdoor*) Yoga<\/strong> <sub>90 Min.<\/sub> &#8212;&#8211;<strong> \u20ac 10,00<\/strong><\/p>\n\n\n\n<p>*in den Sommermonaten im &#8222;Garten der F\u00fclle&#8220;<\/p>\n\n\n\n<h2 class=\"wp-block-heading\"><\/h2>\n\n\n\n<h2 class=\"wp-block-heading\">I AM LOVE Intensiv Coaching<\/h2>\n\n\n\n<p>Buche dir gerne dein kostenfreies Klarheitsgespr\u00e4ch: <a href=\"mailto:heike.lederle@icloud.com\" target=\"_blank\" rel=\"noreferrer noopener\">heike.lederle@icloud.com<\/a> oder telefonisch \/WhatsApp <a href=\"tel:015155544530\">0151 555 445 30<\/a>. Hier schauen wir uns ganz genau an:<\/p>\n\n\n\n<ul class=\"wp-block-list\">\n<li><strong>w<\/strong>as gerade dein Erleben ist, das dich nicht in deiner Mitte und in deiner Zufriedenheit sein l\u00e4sst<\/li>\n\n\n\n<li>wie lange das schon so ist und wodurch es ausgel\u00f6st wurde<\/li>\n\n\n\n<li>was dein Ver\u00e4nderungswunsch ist und welchen n\u00e4chsten Schritt du daf\u00fcr tun kannst<\/li>\n<\/ul>\n\n\n\n<p><a href=\"https:\/\/higherloveyoga.de\/?page_id=620\" data-type=\"URL\" data-id=\"https:\/\/higherloveyoga.de\/?page_id=620\" target=\"_blank\" rel=\"noreferrer noopener\">weitere Infos zum I AM LOVE Intensiv Coaching<\/a><\/p>\n\n\n\n<p><strong>4-monatige<\/strong> Begleitung <\/p>\n\n\n\n<p><strong>8 <\/strong>Coaching-Sessions \u00e0 90 Min. im 1:1 (vor Ort oder digital via Zoom)<\/p>\n\n\n\n<p>Begleitung per Sprachnachricht\/E-Mail auch zwischen den Terminen<\/p>\n\n\n\n<p><strong>\u20ac 1.111,00<\/strong>***<\/p>\n\n\n\n<h2 class=\"wp-block-heading\">Einzel Coaching Sessions \u00e0 90 Min.<\/h2>\n\n\n\n<p><strong>\u20ac 168,00<\/strong>***<\/p>\n\n\n\n<h2 class=\"wp-block-heading\"><\/h2>\n\n\n\n<h2 class=\"wp-block-heading\">Raindrop Technique Massage 60 Min.<\/h2>\n\n\n\n<p><strong>\u20ac 88,00<\/strong><\/p>\n\n\n\n<h3 class=\"wp-block-heading\">*** Special: Jugendliche zwischen 17 -23 Jahre, zahlen nur die H\u00e4lfte auf ALLE Coachingangebote<\/h3>\n\n\n\n<p><\/p>\n","protected":false},"excerpt":{"rendered":"<p>systemische (Familien)Aufstellung im 1:1 Termin \u20ac 168,00 (ca. 90 Min.)*** Yoga (Outdoor*) Yoga 90 Min. &#8212;&#8211; \u20ac 10,00 *in den Sommermonaten im &#8222;Garten der F\u00fclle&#8220; I AM LOVE Intensiv Coaching Buche dir gerne dein kostenfreies Klarheitsgespr\u00e4ch: heike.lederle@icloud.com oder telefonisch \/WhatsApp 0151 555 445 30. Hier schauen wir uns ganz genau an: weitere Infos zum I &hellip; <a href=\"https:\/\/higherloveyoga.de\/?page_id=527\" class=\"more-link\"><span class=\"screen-reader-text\">\u201eEnergieausgleich \/ Preise\u201c <\/span>weiterlesen<\/a><\/p>\n","protected":false},"author":1,"featured_media":0,"parent":0,"menu_order":0,"comment_status":"closed","ping_status":"closed","template":"","meta":{"footnotes":""},"class_list":["post-527","page","type-page","status-publish","hentry"],"_links":{"self":[{"href":"https:\/\/higherloveyoga.de\/index.php?rest_route=\/wp\/v2\/pages\/527","targetHints":{"allow":["GET"]}}],"collection":[{"href":"https:\/\/higherloveyoga.de\/index.php?rest_route=\/wp\/v2\/pages"}],"about":[{"href":"https:\/\/higherloveyoga.de\/index.php?rest_route=\/wp\/v2\/types\/page"}],"author":[{"embeddable":true,"href":"https:\/\/higherloveyoga.de\/index.php?rest_route=\/wp\/v2\/users\/1"}],"replies":[{"embeddable":true,"href":"https:\/\/higherloveyoga.de\/index.php?rest_route=%2Fwp%2Fv2%2Fcomments&post=527"}],"version-history":[{"count":46,"href":"https:\/\/higherloveyoga.de\/index.php?rest_route=\/wp\/v2\/pages\/527\/revisions"}],"predecessor-version":[{"id":948,"href":"https:\/\/higherloveyoga.de\/index.php?rest_route=\/wp\/v2\/pages\/527\/revisions\/948"}],"wp:attachment":[{"href":"https:\/\/higherloveyoga.de\/index.php?rest_route=%2Fwp%2Fv2%2Fmedia&parent=527"}],"curies":[{"name":"wp","href":"https:\/\/api.w.org\/{rel}","templated":true}]}}