{"id":30,"date":"2020-06-13T16:02:32","date_gmt":"2020-06-13T16:02:32","guid":{"rendered":"http:\/\/higherloveyoga.de\/?page_id=30"},"modified":"2026-04-22T12:03:16","modified_gmt":"2026-04-22T12:03:16","slug":"impressum","status":"publish","type":"page","link":"https:\/\/higherloveyoga.de\/?page_id=30","title":{"rendered":"AGBs, Impressum"},"content":{"rendered":"\n<figure class=\"wp-block-image size-large\"><img loading=\"lazy\" decoding=\"async\" width=\"719\" height=\"1024\" src=\"https:\/\/higherloveyoga.de\/wp-content\/uploads\/2026\/04\/Bildschirmfoto-2026-04-22-um-13.52.38-719x1024.png\" alt=\"\" class=\"wp-image-977\" srcset=\"https:\/\/higherloveyoga.de\/wp-content\/uploads\/2026\/04\/Bildschirmfoto-2026-04-22-um-13.52.38-719x1024.png 719w, https:\/\/higherloveyoga.de\/wp-content\/uploads\/2026\/04\/Bildschirmfoto-2026-04-22-um-13.52.38-211x300.png 211w, https:\/\/higherloveyoga.de\/wp-content\/uploads\/2026\/04\/Bildschirmfoto-2026-04-22-um-13.52.38-768x1093.png 768w, https:\/\/higherloveyoga.de\/wp-content\/uploads\/2026\/04\/Bildschirmfoto-2026-04-22-um-13.52.38.png 888w\" sizes=\"auto, (max-width: 719px) 85vw, 719px\" \/><\/figure>\n\n\n\n<figure class=\"wp-block-image size-large\"><img loading=\"lazy\" decoding=\"async\" width=\"719\" height=\"1024\" src=\"https:\/\/higherloveyoga.de\/wp-content\/uploads\/2026\/04\/Bildschirmfoto-2026-04-22-um-13.53.14-719x1024.png\" alt=\"\" class=\"wp-image-978\" srcset=\"https:\/\/higherloveyoga.de\/wp-content\/uploads\/2026\/04\/Bildschirmfoto-2026-04-22-um-13.53.14-719x1024.png 719w, https:\/\/higherloveyoga.de\/wp-content\/uploads\/2026\/04\/Bildschirmfoto-2026-04-22-um-13.53.14-211x300.png 211w, https:\/\/higherloveyoga.de\/wp-content\/uploads\/2026\/04\/Bildschirmfoto-2026-04-22-um-13.53.14-768x1093.png 768w, https:\/\/higherloveyoga.de\/wp-content\/uploads\/2026\/04\/Bildschirmfoto-2026-04-22-um-13.53.14.png 888w\" sizes=\"auto, (max-width: 719px) 85vw, 719px\" \/><\/figure>\n\n\n\n<figure class=\"wp-block-image size-large\"><img loading=\"lazy\" decoding=\"async\" width=\"719\" height=\"1024\" src=\"https:\/\/higherloveyoga.de\/wp-content\/uploads\/2026\/04\/Bildschirmfoto-2026-04-22-um-13.53.48-719x1024.png\" alt=\"\" class=\"wp-image-979\" srcset=\"https:\/\/higherloveyoga.de\/wp-content\/uploads\/2026\/04\/Bildschirmfoto-2026-04-22-um-13.53.48-719x1024.png 719w, https:\/\/higherloveyoga.de\/wp-content\/uploads\/2026\/04\/Bildschirmfoto-2026-04-22-um-13.53.48-211x300.png 211w, https:\/\/higherloveyoga.de\/wp-content\/uploads\/2026\/04\/Bildschirmfoto-2026-04-22-um-13.53.48-768x1093.png 768w, https:\/\/higherloveyoga.de\/wp-content\/uploads\/2026\/04\/Bildschirmfoto-2026-04-22-um-13.53.48.png 888w\" sizes=\"auto, (max-width: 719px) 85vw, 719px\" \/><\/figure>\n\n\n\n<figure class=\"wp-block-image size-large\"><img loading=\"lazy\" decoding=\"async\" width=\"719\" height=\"1024\" src=\"https:\/\/higherloveyoga.de\/wp-content\/uploads\/2026\/04\/Bildschirmfoto-2026-04-22-um-13.55.13-719x1024.png\" alt=\"\" class=\"wp-image-980\" srcset=\"https:\/\/higherloveyoga.de\/wp-content\/uploads\/2026\/04\/Bildschirmfoto-2026-04-22-um-13.55.13-719x1024.png 719w, https:\/\/higherloveyoga.de\/wp-content\/uploads\/2026\/04\/Bildschirmfoto-2026-04-22-um-13.55.13-211x300.png 211w, https:\/\/higherloveyoga.de\/wp-content\/uploads\/2026\/04\/Bildschirmfoto-2026-04-22-um-13.55.13-768x1093.png 768w, https:\/\/higherloveyoga.de\/wp-content\/uploads\/2026\/04\/Bildschirmfoto-2026-04-22-um-13.55.13.png 888w\" sizes=\"auto, (max-width: 719px) 85vw, 719px\" \/><\/figure>\n\n\n\n<p><\/p>\n\n\n\n<p><strong>Impressum<br><\/strong><strong>Angaben gem\u00e4\u00df \u00a7 5 TMG<\/strong><\/p>\n\n\n\n<p>Heike Lederle<br>Higher Love Yoga &amp; Coaching             <\/p>\n\n\n\n<p>Heerstr. 10                                                                   <br>67434 Neustadt\/Wstr. &#8211; Diedesfeld<\/p>\n\n\n\n<p><strong>Kontakt<\/strong><br>Telefon: +49 (0) 151 555 445 30 <br>E-Mail: <a href=\"mailto:heike.lederle@icloud.com\" data-type=\"mailto\" data-id=\"mailto:heike.lederle@icloud.com\">heike.lederle@icloud.com<\/a><\/p>\n\n\n\n<p><strong>Berufsbezeichnung und berufsrechtliche Regelungen<\/strong><\/p>\n\n\n\n<p>Berufsbezeichnung: Yogalehrer \/ Coach Zust\u00e4ndige Kammer:<br>Verliehen durch: Deutschland<br>Es gelten folgende berufsrechtliche Regelungen: Regelungen einsehbar unter:<\/p>\n\n\n\n<p>http:\/\/<\/p>\n\n\n\n<p><strong>Angaben zur Berufshaftpflichtversicherung<\/strong><\/p>\n\n\n\n<p><strong>Name und Sitz des Versicherers:<\/strong><\/p>\n\n\n\n<p>Allianz Versicherungs-AG 10900 Berlin<\/p>\n\n\n\n<p><strong>Geltungsraum der Versicherung:<\/strong><\/p>\n\n\n\n<p>Deutschland<\/p>\n\n\n\n<p><strong>Verantwortlich f\u00fcr den Inhalt nach \u00a7 55 Abs. 2 RStV<\/strong><\/p>\n\n\n\n<p>Heike Lederle <\/p>\n\n\n\n<p><strong>Verbraucherstreitbeilegung\/Universalschlichtungsstelle<\/strong><\/p>\n\n\n\n<p>Wir sind nicht bereit oder verpflichtet, an Streitbeilegungsverfahren vor einer Verbraucherschlichtungsstelle teilzunehmen.<\/p>\n\n\n\n<p><strong>Haftung f\u00fcr Inhalte<\/strong><\/p>\n\n\n\n<p>Als Diensteanbieter sind wir gem\u00e4\u00df \u00a7 7 Abs.1 TMG f\u00fcr eigene Inhalte auf diesen Seiten nach den allgemeinen Gesetzen verantwortlich. Nach \u00a7\u00a7 8 bis 10 TMG sind wir als Diensteanbieter jedoch nicht verpflichtet, \u00fcbermittelte oder gespeicherte fremde Informationen zu \u00fcberwachen oder nach Umst\u00e4nden zu forschen, die auf eine rechtswidrige T\u00e4tigkeit hinweisen.<\/p>\n\n\n\n<p>Verpflichtungen zur Entfernung oder Sperrung der Nutzung von Informationen nach den allgemeinen Gesetzen bleiben hiervon unber\u00fchrt. Eine diesbez\u00fcgliche Haftung ist jedoch erst ab dem Zeitpunkt der Kenntnis einer konkreten Rechtsverletzung m\u00f6glich. Bei Bekanntwerden von entsprechenden Rechtsverletzungen werden wir diese Inhalte umgehend entfernen.<\/p>\n\n\n\n<p><strong>Haftung f\u00fcr Links<\/strong><\/p>\n\n\n\n<p>Unser Angebot enth\u00e4lt Links zu externen Websites Dritter, auf deren Inhalte wir keinen Einfluss haben. Deshalb k\u00f6nnen wir f\u00fcr diese fremden Inhalte auch keine Gew\u00e4hr \u00fcbernehmen. F\u00fcr die Inhalte der verlinkten Seiten ist stets der jeweilige Anbieter oder Betreiber der Seiten verantwortlich. Die verlinkten Seiten wurden zum Zeitpunkt der Verlinkung auf m\u00f6gliche Rechtsverst\u00f6\u00dfe \u00fcberpr\u00fcft. Rechtswidrige Inhalte waren zum Zeitpunkt der Verlinkung nicht erkennbar.<\/p>\n\n\n\n<p>Eine permanente inhaltliche Kontrolle der verlinkten Seiten ist jedoch ohne konkrete Anhaltspunkte einer Rechtsverletzung nicht zumutbar. Bei Bekanntwerden von Rechtsverletzungen werden wir derartige Links umgehend entfernen.<\/p>\n\n\n\n<p><strong>Urheberrecht<\/strong><\/p>\n\n\n\n<p>Die durch die Seitenbetreiber erstellten Inhalte und Werke auf diesen Seiten unterliegen dem deutschen Urheberrecht. Die Vervielf\u00e4ltigung, Bearbeitung, Verbreitung und jede Art der Verwertung au\u00dferhalb der Grenzen des Urheberrechtes bed\u00fcrfen der schriftlichen Zustimmung des jeweiligen Autors bzw. Erstellers. Downloads und Kopien dieser Seite sind nur f\u00fcr den privaten, nicht kommerziellen Gebrauch gestattet.<\/p>\n\n\n\n<p>Soweit die Inhalte auf dieser Seite nicht vom Betreiber erstellt wurden, werden die Urheberrechte Dritter beachtet. Insbesondere werden Inhalte Dritter als solche gekennzeichnet. Sollten Sie trotzdem auf eine Urheberrechtsverletzung aufmerksam werden, bitten wir um einen entsprechenden Hinweis. Bei Bekanntwerden von Rechtsverletzungen werden wir derartige Inhalte umgehend entfernen.<\/p>\n\n\n\n<p>Quelle:<\/p>\n\n\n\n<p>eRecht24<\/p>\n","protected":false},"excerpt":{"rendered":"<p>ImpressumAngaben gem\u00e4\u00df \u00a7 5 TMG Heike LederleHigher Love Yoga &amp; Coaching Heerstr. 10 67434 Neustadt\/Wstr. &#8211; Diedesfeld KontaktTelefon: +49 (0) 151 555 445 30 E-Mail: heike.lederle@icloud.com Berufsbezeichnung und berufsrechtliche Regelungen Berufsbezeichnung: Yogalehrer \/ Coach Zust\u00e4ndige Kammer:Verliehen durch: DeutschlandEs gelten folgende berufsrechtliche Regelungen: Regelungen einsehbar unter: http:\/\/ Angaben zur Berufshaftpflichtversicherung Name und Sitz des Versicherers: Allianz &hellip; <a href=\"https:\/\/higherloveyoga.de\/?page_id=30\" class=\"more-link\"><span class=\"screen-reader-text\">\u201eAGBs, Impressum\u201c <\/span>weiterlesen<\/a><\/p>\n","protected":false},"author":1,"featured_media":0,"parent":0,"menu_order":0,"comment_status":"closed","ping_status":"closed","template":"","meta":{"footnotes":""},"class_list":["post-30","page","type-page","status-publish","hentry"],"_links":{"self":[{"href":"https:\/\/higherloveyoga.de\/index.php?rest_route=\/wp\/v2\/pages\/30","targetHints":{"allow":["GET"]}}],"collection":[{"href":"https:\/\/higherloveyoga.de\/index.php?rest_route=\/wp\/v2\/pages"}],"about":[{"href":"https:\/\/higherloveyoga.de\/index.php?rest_route=\/wp\/v2\/types\/page"}],"author":[{"embeddable":true,"href":"https:\/\/higherloveyoga.de\/index.php?rest_route=\/wp\/v2\/users\/1"}],"replies":[{"embeddable":true,"href":"https:\/\/higherloveyoga.de\/index.php?rest_route=%2Fwp%2Fv2%2Fcomments&post=30"}],"version-history":[{"count":9,"href":"https:\/\/higherloveyoga.de\/index.php?rest_route=\/wp\/v2\/pages\/30\/revisions"}],"predecessor-version":[{"id":981,"href":"https:\/\/higherloveyoga.de\/index.php?rest_route=\/wp\/v2\/pages\/30\/revisions\/981"}],"wp:attachment":[{"href":"https:\/\/higherloveyoga.de\/index.php?rest_route=%2Fwp%2Fv2%2Fmedia&parent=30"}],"curies":[{"name":"wp","href":"https:\/\/api.w.org\/{rel}","templated":true}]}}