{"id":219,"date":"2020-06-25T13:15:40","date_gmt":"2020-06-25T13:15:40","guid":{"rendered":"http:\/\/higherloveyoga.de\/?page_id=219"},"modified":"2026-05-06T20:07:03","modified_gmt":"2026-05-06T20:07:03","slug":"laufende-kurse","status":"publish","type":"page","link":"https:\/\/higherloveyoga.de\/?page_id=219","title":{"rendered":"Yoga Kurse"},"content":{"rendered":"\n<blockquote class=\"wp-block-quote is-layout-flow wp-block-quote-is-layout-flow\" id=\"block-de0fc19f-3355-447e-840a-80a41b4720c1\">\n<p>Dann ruht der Seher \/ die Seherin in ihrem wahren Wesen. Erst, wenn die Gedanken zur Ruhe gekommen sind, kommt die Wahrheit ans Licht.<\/p>\n<cite><em>Yoga sutra 1.3<\/em><\/cite><\/blockquote>\n\n\n\n<p class=\"has-medium-font-size\"><\/p>\n\n\n\n<div class=\"wp-block-columns is-layout-flex wp-container-core-columns-is-layout-9d6595d7 wp-block-columns-is-layout-flex\">\n<div class=\"wp-block-column is-layout-flow wp-block-column-is-layout-flow\" style=\"flex-basis:100%\">\n<div class=\"wp-block-columns is-layout-flex wp-container-core-columns-is-layout-9d6595d7 wp-block-columns-is-layout-flex\">\n<div class=\"wp-block-column is-layout-flow wp-block-column-is-layout-flow\">\n<figure class=\"wp-block-image size-full\"><img loading=\"lazy\" decoding=\"async\" width=\"618\" height=\"1306\" src=\"https:\/\/higherloveyoga.de\/wp-content\/uploads\/2026\/05\/Bildschirmfoto-2026-04-28-um-18.02.54.png\" alt=\"\" class=\"wp-image-983\" srcset=\"https:\/\/higherloveyoga.de\/wp-content\/uploads\/2026\/05\/Bildschirmfoto-2026-04-28-um-18.02.54.png 618w, https:\/\/higherloveyoga.de\/wp-content\/uploads\/2026\/05\/Bildschirmfoto-2026-04-28-um-18.02.54-142x300.png 142w, https:\/\/higherloveyoga.de\/wp-content\/uploads\/2026\/05\/Bildschirmfoto-2026-04-28-um-18.02.54-485x1024.png 485w\" sizes=\"auto, (max-width: 618px) 85vw, 618px\" \/><\/figure>\n<\/div>\n<\/div>\n<\/div>\n<\/div>\n\n\n\n<blockquote class=\"wp-block-quote is-layout-flow wp-block-quote-is-layout-flow\">\n<p><strong>NEU ab 21.05.2026<\/strong> &#8211; ab Sommerferien auch Mittwoch Abend 18:30 Uhr<\/p>\n\n\n\n<figure class=\"wp-block-image size-large is-resized\"><img loading=\"lazy\" decoding=\"async\" width=\"485\" height=\"1024\" src=\"https:\/\/higherloveyoga.de\/wp-content\/uploads\/2026\/05\/Bildschirmfoto-2026-04-28-um-18.01.47-485x1024.png\" alt=\"\" class=\"wp-image-985\" style=\"aspect-ratio:0.4736400396734569;width:586px;height:auto\" srcset=\"https:\/\/higherloveyoga.de\/wp-content\/uploads\/2026\/05\/Bildschirmfoto-2026-04-28-um-18.01.47-485x1024.png 485w, https:\/\/higherloveyoga.de\/wp-content\/uploads\/2026\/05\/Bildschirmfoto-2026-04-28-um-18.01.47-142x300.png 142w, https:\/\/higherloveyoga.de\/wp-content\/uploads\/2026\/05\/Bildschirmfoto-2026-04-28-um-18.01.47.png 618w\" sizes=\"auto, (max-width: 485px) 85vw, 485px\" \/><\/figure>\n<\/blockquote>\n\n\n\n<h6 class=\"wp-block-heading\"><strong>Dienstags:<\/strong><\/h6>\n\n\n\n<p><strong>10 bis 11:30 Uhr Yoga f\u00fcr \u00c4ltere<\/strong> \u00fcber die VHS Freinsheim in <strong>Bobenheim am Berg<\/strong><\/p>\n\n\n\n<p><\/p>\n\n\n\n<h6 class=\"wp-block-heading\"><strong>Mittwochs:<\/strong><em> <\/em><\/h6>\n\n\n\n<p><strong>17:30 bis 19:00 <\/strong>und <strong>19:15 bis 20:45 Uhr f\u00fcr ALLE<\/strong>, die tiefer ins Yoga eintauchen und ihrem SELBST begegnen wollen \u00fcber die VHS <strong>Edenkoben<\/strong><\/p>\n\n\n\n<p><\/p>\n\n\n\n<h6 class=\"wp-block-heading\"><strong><em><strong>Termine auf Anfrage und nach Vereinbarung:<\/strong><em> <\/em><\/em><\/strong><em style=\"caret-color: rgb(0, 0, 0); color: rgb(0, 0, 0); white-space: normal;\"><\/em><\/h6>\n\n\n\n<p><strong>N\u00e4chster Workshop: Freitag, 06.03.2026 15-17 Uhr <\/strong><\/p>\n\n\n\n<p><strong>Babaji Surya Namaskar<em> <\/em><\/strong> ca. 2-st\u00fcndiger Workshop by Paramahamsa Vishwananda, Bhakti Marga\u00a9 <\/p>\n\n\n\n<figure class=\"wp-block-image size-large\"><img loading=\"lazy\" decoding=\"async\" width=\"586\" height=\"1024\" src=\"https:\/\/higherloveyoga.de\/wp-content\/uploads\/2025\/08\/IMG_4831-586x1024.jpeg\" alt=\"\" class=\"wp-image-918\" srcset=\"https:\/\/higherloveyoga.de\/wp-content\/uploads\/2025\/08\/IMG_4831-586x1024.jpeg 586w, https:\/\/higherloveyoga.de\/wp-content\/uploads\/2025\/08\/IMG_4831-172x300.jpeg 172w, https:\/\/higherloveyoga.de\/wp-content\/uploads\/2025\/08\/IMG_4831.jpeg 601w\" sizes=\"auto, (max-width: 586px) 85vw, 586px\" \/><\/figure>\n\n\n\n<p><\/p>\n\n\n\n<p><\/p>\n\n\n\n<p><\/p>\n\n\n\n<p><\/p>\n\n\n\n<p><\/p>\n\n\n\n<p><\/p>\n\n\n\n<p><\/p>\n\n\n\n<p><\/p>\n\n\n\n<p><\/p>\n\n\n\n<p><\/p>\n\n\n\n<p><\/p>\n\n\n\n<p><\/p>\n\n\n\n<p><\/p>\n","protected":false},"excerpt":{"rendered":"<p>Dann ruht der Seher \/ die Seherin in ihrem wahren Wesen. Erst, wenn die Gedanken zur Ruhe gekommen sind, kommt die Wahrheit ans Licht. Yoga sutra 1.3 Dienstags: 10 bis 11:30 Uhr Yoga f\u00fcr \u00c4ltere \u00fcber die VHS Freinsheim in Bobenheim am Berg Mittwochs: 17:30 bis 19:00 und 19:15 bis 20:45 Uhr f\u00fcr ALLE, die &hellip; <a href=\"https:\/\/higherloveyoga.de\/?page_id=219\" class=\"more-link\"><span class=\"screen-reader-text\">\u201eYoga Kurse\u201c <\/span>weiterlesen<\/a><\/p>\n","protected":false},"author":1,"featured_media":0,"parent":0,"menu_order":0,"comment_status":"closed","ping_status":"closed","template":"","meta":{"footnotes":""},"class_list":["post-219","page","type-page","status-publish","hentry"],"_links":{"self":[{"href":"https:\/\/higherloveyoga.de\/index.php?rest_route=\/wp\/v2\/pages\/219","targetHints":{"allow":["GET"]}}],"collection":[{"href":"https:\/\/higherloveyoga.de\/index.php?rest_route=\/wp\/v2\/pages"}],"about":[{"href":"https:\/\/higherloveyoga.de\/index.php?rest_route=\/wp\/v2\/types\/page"}],"author":[{"embeddable":true,"href":"https:\/\/higherloveyoga.de\/index.php?rest_route=\/wp\/v2\/users\/1"}],"replies":[{"embeddable":true,"href":"https:\/\/higherloveyoga.de\/index.php?rest_route=%2Fwp%2Fv2%2Fcomments&post=219"}],"version-history":[{"count":87,"href":"https:\/\/higherloveyoga.de\/index.php?rest_route=\/wp\/v2\/pages\/219\/revisions"}],"predecessor-version":[{"id":986,"href":"https:\/\/higherloveyoga.de\/index.php?rest_route=\/wp\/v2\/pages\/219\/revisions\/986"}],"wp:attachment":[{"href":"https:\/\/higherloveyoga.de\/index.php?rest_route=%2Fwp%2Fv2%2Fmedia&parent=219"}],"curies":[{"name":"wp","href":"https:\/\/api.w.org\/{rel}","templated":true}]}}