{"id":20,"date":"2020-06-13T16:02:32","date_gmt":"2020-06-13T16:02:32","guid":{"rendered":"http:\/\/higherloveyoga.de\/?page_id=20"},"modified":"2025-09-25T16:00:21","modified_gmt":"2025-09-25T16:00:21","slug":"yoga","status":"publish","type":"page","link":"https:\/\/higherloveyoga.de\/?page_id=20","title":{"rendered":"Yoga"},"content":{"rendered":"\n<p>Yoga ist f\u00fcr mich nicht nur ein Sport. Es wirkt auf alle K\u00f6rpersysteme, verbindet K\u00f6rper, Geist und Seele. Es wirkt bewusstseinserweiternd, es ist ein Erkennen deiner Selbst und gleichzeitig geschieht Heilung in dir. Es ist die Verbindung zur&nbsp;<strong>h\u00f6heren Liebe,&nbsp;<\/strong>der g\u00f6ttlichen Quelle und deinem inneren Wesenskern. Es ist Tiefenpsychologie, es ist Selbstliebe, tiefes Gl\u00fcck und Zufriedenheit, unabh\u00e4ngig von \u00e4u\u00dferen Geschehnissen. <\/p>\n\n\n\n<p>Yoga ist f\u00fcr Jedermann &#8211; egal ob jung oder alt, beweglich oder unbeweglich, m\u00e4nnlich oder weiblich&#8230; Wir finden das passende Angebot f\u00fcr dich!&nbsp;\u201eIm Yoga geht es nicht darum auf dem Kopf zu stehen, sondern ganz fest auf den eigenen F\u00fc\u00dfen\u201c&nbsp; oder wie Patanjali bereits sagte \u201esthira sukham asanam\u201c Jede \u0101sana sollte sich fest &amp; stabil und doch durchl\u00e4ssig &amp; leicht anf\u00fchlen, die Polarit\u00e4ten werden miteinander verbunden, ein Gef\u00fchl der Einheit entsteht. <\/p>\n\n\n\n<p>Und diese Einheit, die du zuerst im Inneren herstellst, wird sich mehr und mehr in deinem Erleben zeigen. <\/p>\n\n\n\n<p>Durch das \u00dcben der \u0101sanas <em>(K\u00f6rperhaltungen)<\/em> erlangst du nach und nach mehr innere Freiheit, sprengst deine eigenen Begrenzungen und wirst beweglicher, nicht nur k\u00f6rperlich. Mit der Zeit wirst du das, was du auf der Matte verinnerlichst, auf deinen Alltag \u00fcbertragen k\u00f6nnen. In meinen Yogastunden lasse ich, neben den \u0101sanas,  Meditation, pranayama <em>(Atem\u00fcbungen)<\/em> die Yogaphilosophie mit einflie\u00dfen und gebe dir Impulse zur Selbstreflektion mit. <\/p>\n\n\n\n<p>Dar\u00fcberhinaus manchmal auch Bhakti Yoga &amp; Mantra.<\/p>\n\n\n\n<figure class=\"wp-block-image size-large is-resized\"><img loading=\"lazy\" decoding=\"async\" width=\"1024\" height=\"720\" src=\"https:\/\/higherloveyoga.de\/wp-content\/uploads\/2020\/06\/Baum-Kugel-1-1024x720.jpg\" alt=\"\" class=\"wp-image-206\" style=\"width:864px;height:606px\" srcset=\"https:\/\/higherloveyoga.de\/wp-content\/uploads\/2020\/06\/Baum-Kugel-1-1024x720.jpg 1024w, https:\/\/higherloveyoga.de\/wp-content\/uploads\/2020\/06\/Baum-Kugel-1-300x211.jpg 300w, https:\/\/higherloveyoga.de\/wp-content\/uploads\/2020\/06\/Baum-Kugel-1-768x540.jpg 768w, https:\/\/higherloveyoga.de\/wp-content\/uploads\/2020\/06\/Baum-Kugel-1-1200x843.jpg 1200w, https:\/\/higherloveyoga.de\/wp-content\/uploads\/2020\/06\/Baum-Kugel-1.jpg 1417w\" sizes=\"auto, (max-width: 709px) 85vw, (max-width: 909px) 67vw, (max-width: 1362px) 62vw, 840px\" \/><\/figure>\n\n\n\n<p><\/p>\n\n\n\n<h4 class=\"wp-block-heading has-text-color\" style=\"color:#6b4bab\"><strong><a href=\"https:\/\/higherloveyoga.de\/?page_id=219\" data-type=\"URL\" data-id=\"https:\/\/higherloveyoga.de\/?page_id=219\">Yoga Kurse<\/a><\/strong><\/h4>\n\n\n\n<p><\/p>\n","protected":false},"excerpt":{"rendered":"<p>Yoga ist f\u00fcr mich nicht nur ein Sport. Es wirkt auf alle K\u00f6rpersysteme, verbindet K\u00f6rper, Geist und Seele. Es wirkt bewusstseinserweiternd, es ist ein Erkennen deiner Selbst und gleichzeitig geschieht Heilung in dir. Es ist die Verbindung zur&nbsp;h\u00f6heren Liebe,&nbsp;der g\u00f6ttlichen Quelle und deinem inneren Wesenskern. Es ist Tiefenpsychologie, es ist Selbstliebe, tiefes Gl\u00fcck und Zufriedenheit, &hellip; <a href=\"https:\/\/higherloveyoga.de\/?page_id=20\" class=\"more-link\"><span class=\"screen-reader-text\">\u201eYoga\u201c <\/span>weiterlesen<\/a><\/p>\n","protected":false},"author":1,"featured_media":0,"parent":0,"menu_order":0,"comment_status":"closed","ping_status":"closed","template":"","meta":{"footnotes":""},"class_list":["post-20","page","type-page","status-publish","hentry"],"_links":{"self":[{"href":"https:\/\/higherloveyoga.de\/index.php?rest_route=\/wp\/v2\/pages\/20","targetHints":{"allow":["GET"]}}],"collection":[{"href":"https:\/\/higherloveyoga.de\/index.php?rest_route=\/wp\/v2\/pages"}],"about":[{"href":"https:\/\/higherloveyoga.de\/index.php?rest_route=\/wp\/v2\/types\/page"}],"author":[{"embeddable":true,"href":"https:\/\/higherloveyoga.de\/index.php?rest_route=\/wp\/v2\/users\/1"}],"replies":[{"embeddable":true,"href":"https:\/\/higherloveyoga.de\/index.php?rest_route=%2Fwp%2Fv2%2Fcomments&post=20"}],"version-history":[{"count":17,"href":"https:\/\/higherloveyoga.de\/index.php?rest_route=\/wp\/v2\/pages\/20\/revisions"}],"predecessor-version":[{"id":937,"href":"https:\/\/higherloveyoga.de\/index.php?rest_route=\/wp\/v2\/pages\/20\/revisions\/937"}],"wp:attachment":[{"href":"https:\/\/higherloveyoga.de\/index.php?rest_route=%2Fwp%2Fv2%2Fmedia&parent=20"}],"curies":[{"name":"wp","href":"https:\/\/api.w.org\/{rel}","templated":true}]}}