{"id":16,"date":"2020-06-13T16:02:32","date_gmt":"2020-06-13T16:02:32","guid":{"rendered":"http:\/\/higherloveyoga.de\/?page_id=16"},"modified":"2026-04-22T11:41:58","modified_gmt":"2026-04-22T11:41:58","slug":"coaching","status":"publish","type":"page","link":"https:\/\/higherloveyoga.de\/?page_id=16","title":{"rendered":"Coaching"},"content":{"rendered":"\n<p><strong>Du bist genau so richtig wie du bist &#8211; wie Gott dich gemeint hat. <\/strong><\/p>\n\n\n\n<p><strong>Erlaube dir, du selbst zu sein<\/strong> &#8211; <strong>erkenne dein wahres Selbst!<\/strong><\/p>\n\n\n<figure class=\"wp-block-image alignleft size-large is-resized\"><img loading=\"lazy\" decoding=\"async\" width=\"684\" height=\"1024\" src=\"https:\/\/higherloveyoga.de\/wp-content\/uploads\/2020\/06\/Adler-684x1024.jpg\" alt=\"\" class=\"wp-image-210\" style=\"width:440px;height:659px\" srcset=\"https:\/\/higherloveyoga.de\/wp-content\/uploads\/2020\/06\/Adler-684x1024.jpg 684w, https:\/\/higherloveyoga.de\/wp-content\/uploads\/2020\/06\/Adler-200x300.jpg 200w, https:\/\/higherloveyoga.de\/wp-content\/uploads\/2020\/06\/Adler.jpg 757w\" sizes=\"auto, (max-width: 684px) 85vw, 684px\" \/><\/figure>\n\n\n<p>Als du auf diese Welt kamst, warst du verbunden mit der Wahrheit, mit deinem wahren Selbst und wusstest wer du bist und mit was du verbunden bist. Es gab keinerlei Zweifel dar\u00fcber. <\/p>\n\n\n\n<p>Doch im Laufe deines Lebens&#8230;<\/p>\n\n\n\n<p>aufgrund \u00e4u\u00dferer Einfl\u00fcsse, Konzepte, Konditionierungen und Pr\u00e4gungen hast du dich immer mehr von dir selbst entfernt.  Zwar der Gesellschaft gem\u00e4\u00df entwickelt, sodass du wunderbar in das menschengemachte System passt und in die Schubladen, die andere f\u00fcr dich vorgesehen haben. Jedoch hast du dich dadurch auch immer mehr von der g\u00f6ttlichen Quelle, deinem inneren Wesenskern und deinem Seelenweg entfernt. <\/p>\n\n\n\n<p>Vielleicht kennst du das Gef\u00fchl, dich selbst nicht wirklich zu sp\u00fcren und kaum eine Verbindung zu deiner Intuition und zu deinem Herzen zu haben &#8211; deine innere Stimme einfach nicht zu h\u00f6ren, weil sie von Gedanken und anderen Ablenkungen im Au\u00dfen \u00fcberlagert wird.<\/p>\n\n\n\n<p>Im Coaching m\u00f6chte ich dich von Herzen auf dem spannenden Weg deiner pers\u00f6nlichen Weiterentwicklung, der R\u00fcckverbindung zu deinem wahren Selbst, begleiten.&nbsp;Sodass du erkennst, wer du wirklich bist, dir selbst bewusst wirst, dich annehmen, akzeptieren und lieben kannst so wie du bist und damit tiefe Zufriedenheit erf\u00e4hrst.<\/p>\n\n\n\n<p>Ich selbst bin diesen Weg gegangen und gehe ihn nach wie vor immer weiter &#8211; ins n\u00e4chste Level sozusagen. Daher kann ich so gut verstehen und f\u00fchlen, wie es dir geht und wie du dich f\u00fchlst. &nbsp;<\/p>\n\n\n\n<p>Ich wei\u00df aber auch, dass es einen Weg raus aus deinem selbstgebauten Gef\u00e4ngnis gibt und dein erster Meilenstein ist DEINE MUTIGE ENTSCHEIDUNG, f\u00fcr dich selbst loszugehen und f\u00fcr dich einzustehen, dich nicht l\u00e4nger klein zu machen, sondern in deine Kraft und deine Selbstbestimmung zu kommen, um zunehmend mehr Freiheit, Leichtigkeit und Zufriedenheit zu erfahren.  <\/p>\n\n\n\n<p>Durch Selbstreflektion, Aufl\u00f6sung alter Muster und Glaubenss\u00e4tze, Selbsteinf\u00fchlung, Vergebungsarbeit, Loslassen und verschiedene Coachingmethoden, auch aus dem systemischen Coaching \u00fcber Familien- und Beziehungsdynamiken, erkennst du dich und deine wahre Natur und findest so zu dir selbst zur\u00fcck.&nbsp;<\/p>\n\n\n\n<p>Bis du erkennst, dass du unendliche F\u00fclle bist und daraus auch sch\u00f6pfst, dir dein Leben im Au\u00dfen kreierst, wie es deinem Inneren gem\u00e4\u00df ist. ALLE ANTWORTEN LIEGEN BEREITS IN DIR. Ich helfe dir gerne, sie zu finden.&nbsp;<\/p>\n\n\n\n<blockquote class=\"wp-block-quote is-layout-flow wp-block-quote-is-layout-flow\">\n<p>Das einzig lebenswerte Abenteuer kann f\u00fcr den modernen Menschen nur noch innen zu finden sein.<\/p>\n<cite>Carl Gustav Jung<\/cite><\/blockquote>\n\n\n\n<p><strong>Mit meinem <a href=\"https:\/\/higherloveyoga.de\/?page_id=620\" target=\"_blank\" rel=\"noreferrer noopener\">1:1 Intensiv Coaching Programm &#8222;I AM LOVE&#8220;<\/a> helfe ich dir, dich frei zu machen von deinen Begrenzungen, sodass du deine Individualit\u00e4t zum Ausdruck bringst und damit das Leben kreierst, das deinen Herzensw\u00fcnschen entspricht.<\/strong><\/p>\n\n\n\n<p><\/p>\n\n\n\n<p><strong>GERNE KANNST DU DIR DEIN KOSTENFREIES KLARHEITSGESPR\u00c4CH BUCHEN.<\/strong> Schreib oder rufe mich daf\u00fcr einfach an unter <a href=\"mailto:heike.lederle@icloud.com\">heike.lederle@icloud.com<\/a> oder <a href=\"tel:015155544530\">0151 555 445 30<\/a>.<\/p>\n\n\n\n<p>Wir schauen uns gemeinsam an:<\/p>\n\n\n\n<ul class=\"wp-block-list\">\n<li><strong>was gerade dein Erleben ist, das dich nicht in deiner Mitte und Zufriedenheit sein l\u00e4sst<\/strong><\/li>\n\n\n\n<li><strong>wie lange das schon so ist und wodurch es ausgel\u00f6st wurde<\/strong><\/li>\n\n\n\n<li><strong>was dein Ver\u00e4nderungswunsch ist und welchen n\u00e4chsten Schritt du daf\u00fcr tun kannst<\/strong><\/li>\n<\/ul>\n\n\n\n<p>Beratungen sind sowohl pers\u00f6nlich als auch \u00fcber Zoom online m\u00f6glich.<\/p>\n\n\n\n<p><\/p>\n","protected":false},"excerpt":{"rendered":"<p>Du bist genau so richtig wie du bist &#8211; wie Gott dich gemeint hat. Erlaube dir, du selbst zu sein &#8211; erkenne dein wahres Selbst! Als du auf diese Welt kamst, warst du verbunden mit der Wahrheit, mit deinem wahren Selbst und wusstest wer du bist und mit was du verbunden bist. Es gab keinerlei &hellip; <a href=\"https:\/\/higherloveyoga.de\/?page_id=16\" class=\"more-link\"><span class=\"screen-reader-text\">\u201eCoaching\u201c <\/span>weiterlesen<\/a><\/p>\n","protected":false},"author":1,"featured_media":0,"parent":0,"menu_order":0,"comment_status":"closed","ping_status":"closed","template":"","meta":{"footnotes":""},"class_list":["post-16","page","type-page","status-publish","hentry"],"_links":{"self":[{"href":"https:\/\/higherloveyoga.de\/index.php?rest_route=\/wp\/v2\/pages\/16","targetHints":{"allow":["GET"]}}],"collection":[{"href":"https:\/\/higherloveyoga.de\/index.php?rest_route=\/wp\/v2\/pages"}],"about":[{"href":"https:\/\/higherloveyoga.de\/index.php?rest_route=\/wp\/v2\/types\/page"}],"author":[{"embeddable":true,"href":"https:\/\/higherloveyoga.de\/index.php?rest_route=\/wp\/v2\/users\/1"}],"replies":[{"embeddable":true,"href":"https:\/\/higherloveyoga.de\/index.php?rest_route=%2Fwp%2Fv2%2Fcomments&post=16"}],"version-history":[{"count":22,"href":"https:\/\/higherloveyoga.de\/index.php?rest_route=\/wp\/v2\/pages\/16\/revisions"}],"predecessor-version":[{"id":975,"href":"https:\/\/higherloveyoga.de\/index.php?rest_route=\/wp\/v2\/pages\/16\/revisions\/975"}],"wp:attachment":[{"href":"https:\/\/higherloveyoga.de\/index.php?rest_route=%2Fwp%2Fv2%2Fmedia&parent=16"}],"curies":[{"name":"wp","href":"https:\/\/api.w.org\/{rel}","templated":true}]}}