{"id":14,"date":"2020-06-13T16:02:32","date_gmt":"2020-06-13T16:02:32","guid":{"rendered":"http:\/\/higherloveyoga.de\/?page_id=14"},"modified":"2025-06-10T20:19:14","modified_gmt":"2025-06-10T20:19:14","slug":"mein-weg","status":"publish","type":"page","link":"https:\/\/higherloveyoga.de\/?page_id=14","title":{"rendered":"Mein Weg"},"content":{"rendered":"\n<div class=\"wp-block-columns is-layout-flex wp-container-core-columns-is-layout-9d6595d7 wp-block-columns-is-layout-flex\">\n<div class=\"wp-block-column is-layout-flow wp-block-column-is-layout-flow\">\n<figure class=\"wp-block-image size-large is-resized\"><img loading=\"lazy\" decoding=\"async\" width=\"566\" height=\"850\" src=\"https:\/\/higherloveyoga.de\/wp-content\/uploads\/2020\/06\/Mein-Weg-1.jpg\" alt=\"\" class=\"wp-image-168\" style=\"width:408px;height:615px\" srcset=\"https:\/\/higherloveyoga.de\/wp-content\/uploads\/2020\/06\/Mein-Weg-1.jpg 566w, https:\/\/higherloveyoga.de\/wp-content\/uploads\/2020\/06\/Mein-Weg-1-200x300.jpg 200w\" sizes=\"auto, (max-width: 566px) 85vw, 566px\" \/><\/figure>\n<\/div>\n\n\n\n<div class=\"wp-block-column is-layout-flow wp-block-column-is-layout-flow\">\n<p>Seit 2015 begleitet mich Yoga bewusst auf meinem Lebensweg. Meine Ausbildung habe ich im Sadhana Yoga Institut in Mannheim absolviert im klassischen Yoga und Hatha Yoga einschlie\u00dflich Yogatherapie, gewaltfreie Kommunikation nach Marshall B. Rosenberg und Yoga-Coaching.&nbsp;<\/p>\n\n\n\n<p>Es folgten weitere Coaching Ausbildungen auf Seelenebene und im systemischen Coaching und der Aufstellungsarbeit von Familien-, Beziehungs- und auch Krankheitsdynamiken.<\/p>\n\n\n\n<p>2023 erfolgte die Einweihung ins Atma Kriya Yoga durch die Lehren und die Gnade von Mahavatar Babaji und Paramahamsa Sri Swami Vishwananda.<\/p>\n\n\n\n<p>2024 Einweihung zum Devotee von Paramahamsa Vishwananda &#8211; Bhakti Marga.<\/p>\n\n\n\n<p>Durch Yoga, Yogaphilosophie, Coaching aber auch meinen tiefen Glauben habe ich die wahre&nbsp;<strong>H\u00f6here Liebe<\/strong>&nbsp;in mir selbst entdeckt, zu mehr innerem Frieden gefunden und Krankheiten, die ich mir unbewusst selbst kreierte, konnten sich l\u00f6sen. F\u00fcr diese M\u00f6glichkeiten der Bewusstseinserweiterung bin ich unendlich dankbar.<\/p>\n\n\n\n<p>Diese Liebe und diesen Frieden in sich erfahren zu d\u00fcrfen, Gl\u00fcck und Zufriedenheit im eigenen Inneren zu kultivieren, w\u00fcnsche ich auch DIR!&nbsp;<\/p>\n\n\n\n<p>Damit du selbst in der Lage bist, dein gesamtes Potential zu ergreifen, gesund und kraftvoll durchs Leben zu gehen und wahrhaftig zu lieben. In erster Linie dich selbst, dich so annehmen zu k\u00f6nnen wie du bist, denn DU bist ein einzigartiges WUNDER!<\/p>\n<\/div>\n<\/div>\n","protected":false},"excerpt":{"rendered":"<p>Seit 2015 begleitet mich Yoga bewusst auf meinem Lebensweg. Meine Ausbildung habe ich im Sadhana Yoga Institut in Mannheim absolviert im klassischen Yoga und Hatha Yoga einschlie\u00dflich Yogatherapie, gewaltfreie Kommunikation nach Marshall B. Rosenberg und Yoga-Coaching.&nbsp; Es folgten weitere Coaching Ausbildungen auf Seelenebene und im systemischen Coaching und der Aufstellungsarbeit von Familien-, Beziehungs- und auch &hellip; <a href=\"https:\/\/higherloveyoga.de\/?page_id=14\" class=\"more-link\"><span class=\"screen-reader-text\">\u201eMein Weg\u201c <\/span>weiterlesen<\/a><\/p>\n","protected":false},"author":1,"featured_media":0,"parent":0,"menu_order":0,"comment_status":"closed","ping_status":"closed","template":"","meta":{"footnotes":""},"class_list":["post-14","page","type-page","status-publish","hentry"],"_links":{"self":[{"href":"https:\/\/higherloveyoga.de\/index.php?rest_route=\/wp\/v2\/pages\/14","targetHints":{"allow":["GET"]}}],"collection":[{"href":"https:\/\/higherloveyoga.de\/index.php?rest_route=\/wp\/v2\/pages"}],"about":[{"href":"https:\/\/higherloveyoga.de\/index.php?rest_route=\/wp\/v2\/types\/page"}],"author":[{"embeddable":true,"href":"https:\/\/higherloveyoga.de\/index.php?rest_route=\/wp\/v2\/users\/1"}],"replies":[{"embeddable":true,"href":"https:\/\/higherloveyoga.de\/index.php?rest_route=%2Fwp%2Fv2%2Fcomments&post=14"}],"version-history":[{"count":19,"href":"https:\/\/higherloveyoga.de\/index.php?rest_route=\/wp\/v2\/pages\/14\/revisions"}],"predecessor-version":[{"id":885,"href":"https:\/\/higherloveyoga.de\/index.php?rest_route=\/wp\/v2\/pages\/14\/revisions\/885"}],"wp:attachment":[{"href":"https:\/\/higherloveyoga.de\/index.php?rest_route=%2Fwp%2Fv2%2Fmedia&parent=14"}],"curies":[{"name":"wp","href":"https:\/\/api.w.org\/{rel}","templated":true}]}}