{"id":12,"date":"2020-06-13T16:02:32","date_gmt":"2020-06-13T16:02:32","guid":{"rendered":"http:\/\/higherloveyoga.de\/?page_id=12"},"modified":"2025-09-25T16:15:33","modified_gmt":"2025-09-25T16:15:33","slug":"ueber-mich","status":"publish","type":"page","link":"https:\/\/higherloveyoga.de\/?page_id=12","title":{"rendered":"\u00dcber Mich"},"content":{"rendered":"\n<p><strong>Namast\u00e9 <em>\u201eDas g\u00f6ttliche Licht in mir, gr\u00fc\u00dft das g\u00f6ttliche Licht in dir\u201c<\/em><\/strong><\/p>\n\n\n<div class=\"wp-block-image\">\n<figure class=\"alignright size-large\"><img loading=\"lazy\" decoding=\"async\" width=\"378\" height=\"567\" src=\"https:\/\/higherloveyoga.de\/wp-content\/uploads\/2020\/06\/\u00dcber-Mich-1.jpg\" alt=\"\" class=\"wp-image-120\" srcset=\"https:\/\/higherloveyoga.de\/wp-content\/uploads\/2020\/06\/\u00dcber-Mich-1.jpg 378w, https:\/\/higherloveyoga.de\/wp-content\/uploads\/2020\/06\/\u00dcber-Mich-1-200x300.jpg 200w\" sizes=\"auto, (max-width: 378px) 85vw, 378px\" \/><\/figure>\n<\/div>\n\n\n<p>Mein Name ist Heike Lederle, 1983 geboren in der sch\u00f6nen Pfalz. <\/p>\n\n\n\n<p>Mein spiritueller Geburtstag und Einweihung zum Devotee von Paramahamsa Vishwananda war am 24.02.2024. <\/p>\n\n\n\n<p>Daher mein spiritueller Name: Kshobhini Dasi.<\/p>\n\n\n\n<p>In Neustadt an der Weinstra\u00dfe, Diedesfeld darf ich leben, wirken und dienen gemeinsam mit meinem heutigen Mann und meinem Sohn.<\/p>\n\n\n\n<p>Als ehemals alleinbegleitende Mama hatte ich so manche H\u00fcrde zu \u00fcberwinden. Die Praxis des Yoga, Coaching und die Yogaphilosophie stellten f\u00fcr mich gerade in dieser Situation einen wertvollen Anker dar, der mir immer wieder half, meine Mitte, den n\u00f6tigen Halt zu finden und leichter zu leben.<br>Heute ist mein Sohn Teenager, f\u00fcr mich eine weitere gro\u00dfe Chance, Ruhe, Gelassenheit, Liebe und Vertrauen zu \u00fcben und zu vertiefen. <\/p>\n\n\n\n<p>Von klein auf gehe ich den gro\u00dfen Fragen \u00fcber das Leben und \u00fcber mich selbst nach. Es war schon immer ein Gef\u00fchl \/ eine Sehnsucht in mir, dass es mehr geben muss, als das was ich mit blo\u00dfem Auge sehen und rein mit meinem Verstand erfassen kann.&nbsp;<\/p>\n\n\n\n<p>Die vielen lehrreichen Erfahrungen in meinem Leben, das Yoga und Coaching brachten mich, als Generator 3\/6 (Human Design), meinem wahren Selbst und Gott immer n\u00e4her.&nbsp;<\/p>\n\n\n\n<p>So dass ich heute, in dieser Verbindung, ein in mir selbst ruhender Berg sein darf, in dessen Gegenwart, ob im Yoga oder Coaching, du davon profitieren kannst, dich selbst erf\u00e4hrst und deine Wahrheit und Einzigartigkeit wieder mehr erkennst &#8211; denn daf\u00fcr halte ich f\u00fcr dich den Raum.\u00a0<\/p>\n\n\n\n<p><\/p>\n\n\n\n<p><strong>Ich w\u00fcnsche mir, dass DU dein SEIN wieder mehr erkennst und ausstrahlst. Die Welt braucht authentische Menschen, die sich trauen zu sein, wer sie in Wahrheit sind.<\/strong><\/p>\n\n\n\n<blockquote class=\"wp-block-quote is-layout-flow wp-block-quote-is-layout-flow\">\n<p>Hari om tat sat &#8211; M\u00f6gen alle Worte in Liebe gesprochen sein und in Liebe empfangen werden<\/p>\n<\/blockquote>\n\n\n\n<p><\/p>\n","protected":false},"excerpt":{"rendered":"<p>Namast\u00e9 \u201eDas g\u00f6ttliche Licht in mir, gr\u00fc\u00dft das g\u00f6ttliche Licht in dir\u201c Mein Name ist Heike Lederle, 1983 geboren in der sch\u00f6nen Pfalz. Mein spiritueller Geburtstag und Einweihung zum Devotee von Paramahamsa Vishwananda war am 24.02.2024. Daher mein spiritueller Name: Kshobhini Dasi. In Neustadt an der Weinstra\u00dfe, Diedesfeld darf ich leben, wirken und dienen gemeinsam &hellip; <a href=\"https:\/\/higherloveyoga.de\/?page_id=12\" class=\"more-link\"><span class=\"screen-reader-text\">\u201e\u00dcber Mich\u201c <\/span>weiterlesen<\/a><\/p>\n","protected":false},"author":1,"featured_media":0,"parent":0,"menu_order":0,"comment_status":"closed","ping_status":"closed","template":"","meta":{"footnotes":""},"class_list":["post-12","page","type-page","status-publish","hentry"],"_links":{"self":[{"href":"https:\/\/higherloveyoga.de\/index.php?rest_route=\/wp\/v2\/pages\/12","targetHints":{"allow":["GET"]}}],"collection":[{"href":"https:\/\/higherloveyoga.de\/index.php?rest_route=\/wp\/v2\/pages"}],"about":[{"href":"https:\/\/higherloveyoga.de\/index.php?rest_route=\/wp\/v2\/types\/page"}],"author":[{"embeddable":true,"href":"https:\/\/higherloveyoga.de\/index.php?rest_route=\/wp\/v2\/users\/1"}],"replies":[{"embeddable":true,"href":"https:\/\/higherloveyoga.de\/index.php?rest_route=%2Fwp%2Fv2%2Fcomments&post=12"}],"version-history":[{"count":20,"href":"https:\/\/higherloveyoga.de\/index.php?rest_route=\/wp\/v2\/pages\/12\/revisions"}],"predecessor-version":[{"id":942,"href":"https:\/\/higherloveyoga.de\/index.php?rest_route=\/wp\/v2\/pages\/12\/revisions\/942"}],"wp:attachment":[{"href":"https:\/\/higherloveyoga.de\/index.php?rest_route=%2Fwp%2Fv2%2Fmedia&parent=12"}],"curies":[{"name":"wp","href":"https:\/\/api.w.org\/{rel}","templated":true}]}}